{"id":6151,"date":"2026-03-18T13:25:03","date_gmt":"2026-03-18T12:25:03","guid":{"rendered":"https:\/\/ce-tec.dk\/?page_id=6151"},"modified":"2026-03-19T13:30:33","modified_gmt":"2026-03-19T12:30:33","slug":"employee-portal","status":"publish","type":"page","link":"https:\/\/ce-tec.dk\/en\/medarbejderportal\/","title":{"rendered":"Employee portal"},"content":{"rendered":"<div data-elementor-type=\"wp-page\" data-elementor-id=\"6151\" class=\"elementor elementor-6151\" data-elementor-post-type=\"page\">\n\t\t\t\t<div class=\"elementor-element elementor-element-4b45cfd e-flex e-con-boxed e-con e-parent\" data-id=\"4b45cfd\" data-element_type=\"container\" data-e-type=\"container\" data-settings=\"{&quot;jet_parallax_layout_list&quot;:[],&quot;background_background&quot;:&quot;classic&quot;}\">\n\t\t\t\t\t<div class=\"e-con-inner\">\n\t\t<div class=\"elementor-element elementor-element-213d9a4 e-con-full e-flex e-con e-child\" data-id=\"213d9a4\" data-element_type=\"container\" data-e-type=\"container\" data-settings=\"{&quot;jet_parallax_layout_list&quot;:[]}\">\n\t\t<div class=\"elementor-element elementor-element-ffe6b5b e-con-full e-flex elementor-invisible e-con e-child\" data-id=\"ffe6b5b\" data-element_type=\"container\" data-e-type=\"container\" data-settings=\"{&quot;jet_parallax_layout_list&quot;:[],&quot;background_background&quot;:&quot;classic&quot;,&quot;animation&quot;:&quot;fadeInUp&quot;,&quot;animation_tablet&quot;:&quot;none&quot;,&quot;animation_delay&quot;:250}\">\n\t\t<div class=\"elementor-element elementor-element-7317f23 e-con-full e-flex e-con e-child\" data-id=\"7317f23\" data-element_type=\"container\" data-e-type=\"container\" data-settings=\"{&quot;background_background&quot;:&quot;classic&quot;,&quot;jet_parallax_layout_list&quot;:[]}\">\n\t\t\t\t<\/div>\n\t\t<div class=\"elementor-element elementor-element-511b414 e-con-full e-flex e-con e-child\" data-id=\"511b414\" data-element_type=\"container\" data-e-type=\"container\" data-settings=\"{&quot;jet_parallax_layout_list&quot;:[]}\">\n\t\t\t\t<div class=\"elementor-element elementor-element-41784bd elementor-widget elementor-widget-heading\" data-id=\"41784bd\" data-element_type=\"widget\" data-e-type=\"widget\" data-widget_type=\"heading.default\">\n\t\t\t\t<div class=\"elementor-widget-container\">\n\t\t\t\t\t<h1 class=\"elementor-heading-title elementor-size-default\">Sherlock <br \/>\nQM System<\/h1>\t\t\t\t<\/div>\n\t\t\t\t<\/div>\n\t\t\t\t<div class=\"elementor-element elementor-element-8648f93 elementor-widget elementor-widget-text-editor\" data-id=\"8648f93\" data-element_type=\"widget\" data-e-type=\"widget\" data-widget_type=\"text-editor.default\">\n\t\t\t\t<div class=\"elementor-widget-container\">\n\t\t\t\t\t\t\t\t\t<p>Access to Sherlock - Cetec Energy's quality management system with procedures, documentation and guidelines.<\/p>\t\t\t\t\t\t\t\t<\/div>\n\t\t\t\t<\/div>\n\t\t\t\t<\/div>\n\t\t\t\t<div class=\"elementor-element elementor-element-34d787a elementor-mobile-align-justify e-transform elementor-widget elementor-widget-button\" data-id=\"34d787a\" data-element_type=\"widget\" data-e-type=\"widget\" data-settings=\"{&quot;_transform_scale_effect_hover&quot;:{&quot;unit&quot;:&quot;px&quot;,&quot;size&quot;:1.05,&quot;sizes&quot;:[]},&quot;_transform_scale_effect_hover_tablet&quot;:{&quot;unit&quot;:&quot;px&quot;,&quot;size&quot;:&quot;&quot;,&quot;sizes&quot;:[]},&quot;_transform_scale_effect_hover_mobile&quot;:{&quot;unit&quot;:&quot;px&quot;,&quot;size&quot;:&quot;&quot;,&quot;sizes&quot;:[]}}\" data-widget_type=\"button.default\">\n\t\t\t\t<div class=\"elementor-widget-container\">\n\t\t\t\t\t\t\t\t\t<div class=\"elementor-button-wrapper\">\n\t\t\t\t\t<a class=\"elementor-button elementor-button-link elementor-size-sm\" href=\"https:\/\/ce-tec.sherlockapp.dk\" target=\"_blank\">\n\t\t\t\t\t\t<span class=\"elementor-button-content-wrapper\">\n\t\t\t\t\t\t<span class=\"elementor-button-icon\">\n\t\t\t\t<i aria-hidden=\"true\" class=\"fas fa-chevron-right\"><\/i>\t\t\t<\/span>\n\t\t\t\t\t\t\t\t\t<span class=\"elementor-button-text\">Go to Sherlock<\/span>\n\t\t\t\t\t<\/span>\n\t\t\t\t\t<\/a>\n\t\t\t\t<\/div>\n\t\t\t\t\t\t\t\t<\/div>\n\t\t\t\t<\/div>\n\t\t\t\t<\/div>\n\t\t\t\t<\/div>\n\t\t<div class=\"elementor-element elementor-element-096e0e6 e-con-full e-flex e-con e-child\" data-id=\"096e0e6\" data-element_type=\"container\" data-e-type=\"container\" data-settings=\"{&quot;jet_parallax_layout_list&quot;:[]}\">\n\t\t<div class=\"elementor-element elementor-element-cf40fc8 e-con-full e-flex elementor-invisible e-con e-child\" data-id=\"cf40fc8\" data-element_type=\"container\" data-e-type=\"container\" data-settings=\"{&quot;jet_parallax_layout_list&quot;:[],&quot;background_background&quot;:&quot;classic&quot;,&quot;animation&quot;:&quot;fadeInUp&quot;,&quot;animation_tablet&quot;:&quot;none&quot;,&quot;animation_delay&quot;:250}\">\n\t\t<div class=\"elementor-element elementor-element-9f81840 e-con-full e-flex e-con e-child\" data-id=\"9f81840\" data-element_type=\"container\" data-e-type=\"container\" data-settings=\"{&quot;background_background&quot;:&quot;classic&quot;,&quot;jet_parallax_layout_list&quot;:[]}\">\n\t\t\t\t<\/div>\n\t\t<div class=\"elementor-element elementor-element-0e9152d e-con-full e-flex e-con e-child\" data-id=\"0e9152d\" data-element_type=\"container\" data-e-type=\"container\" data-settings=\"{&quot;jet_parallax_layout_list&quot;:[]}\">\n\t\t\t\t<div class=\"elementor-element elementor-element-6feb828 elementor-widget elementor-widget-heading\" data-id=\"6feb828\" data-element_type=\"widget\" data-e-type=\"widget\" data-widget_type=\"heading.default\">\n\t\t\t\t<div class=\"elementor-widget-container\">\n\t\t\t\t\t<h2 class=\"elementor-heading-title elementor-size-default\">HSE Introduction e-learning<\/h2>\t\t\t\t<\/div>\n\t\t\t\t<\/div>\n\t\t\t\t<div class=\"elementor-element elementor-element-f4ba86f elementor-widget elementor-widget-text-editor\" data-id=\"f4ba86f\" data-element_type=\"widget\" data-e-type=\"widget\" data-widget_type=\"text-editor.default\">\n\t\t\t\t<div class=\"elementor-widget-container\">\n\t\t\t\t\t\t\t\t\t<p>Basic HSE e-learning to ensure a joint understanding of risks, behaviours and requirements in energy sector.<\/p>\t\t\t\t\t\t\t\t<\/div>\n\t\t\t\t<\/div>\n\t\t\t\t<\/div>\n\t\t\t\t<div class=\"elementor-element elementor-element-de9a05c elementor-mobile-align-justify e-transform elementor-widget elementor-widget-button\" data-id=\"de9a05c\" data-element_type=\"widget\" data-e-type=\"widget\" data-settings=\"{&quot;_transform_scale_effect_hover&quot;:{&quot;unit&quot;:&quot;px&quot;,&quot;size&quot;:1.05,&quot;sizes&quot;:[]},&quot;_transform_scale_effect_hover_tablet&quot;:{&quot;unit&quot;:&quot;px&quot;,&quot;size&quot;:&quot;&quot;,&quot;sizes&quot;:[]},&quot;_transform_scale_effect_hover_mobile&quot;:{&quot;unit&quot;:&quot;px&quot;,&quot;size&quot;:&quot;&quot;,&quot;sizes&quot;:[]}}\" data-widget_type=\"button.default\">\n\t\t\t\t<div class=\"elementor-widget-container\">\n\t\t\t\t\t\t\t\t\t<div class=\"elementor-button-wrapper\">\n\t\t\t\t\t<a class=\"elementor-button elementor-button-link elementor-size-sm\" href=\"https:\/\/ce-tec.dk\/sites\/libraries\/introduktion\/story.html\" target=\"_blank\">\n\t\t\t\t\t\t<span class=\"elementor-button-content-wrapper\">\n\t\t\t\t\t\t<span class=\"elementor-button-icon\">\n\t\t\t\t<i aria-hidden=\"true\" class=\"fas fa-chevron-right\"><\/i>\t\t\t<\/span>\n\t\t\t\t\t\t\t\t\t<span class=\"elementor-button-text\">Go to HSE Introduction<\/span>\n\t\t\t\t\t<\/span>\n\t\t\t\t\t<\/a>\n\t\t\t\t<\/div>\n\t\t\t\t\t\t\t\t<\/div>\n\t\t\t\t<\/div>\n\t\t\t\t<\/div>\n\t\t\t\t<\/div>\n\t\t<div class=\"elementor-element elementor-element-67a30ce e-con-full e-flex e-con e-child\" data-id=\"67a30ce\" data-element_type=\"container\" data-e-type=\"container\" data-settings=\"{&quot;jet_parallax_layout_list&quot;:[]}\">\n\t\t<div class=\"elementor-element elementor-element-2117537 e-con-full e-flex elementor-invisible e-con e-child\" data-id=\"2117537\" data-element_type=\"container\" data-e-type=\"container\" data-settings=\"{&quot;jet_parallax_layout_list&quot;:[],&quot;background_background&quot;:&quot;classic&quot;,&quot;animation&quot;:&quot;fadeInUp&quot;,&quot;animation_tablet&quot;:&quot;none&quot;,&quot;animation_delay&quot;:250}\">\n\t\t<div class=\"elementor-element elementor-element-285491b e-con-full e-flex e-con e-child\" data-id=\"285491b\" data-element_type=\"container\" data-e-type=\"container\" data-settings=\"{&quot;background_background&quot;:&quot;classic&quot;,&quot;jet_parallax_layout_list&quot;:[]}\">\n\t\t\t\t<\/div>\n\t\t<div class=\"elementor-element elementor-element-44d01f3 e-con-full e-flex e-con e-child\" data-id=\"44d01f3\" data-element_type=\"container\" data-e-type=\"container\" data-settings=\"{&quot;jet_parallax_layout_list&quot;:[]}\">\n\t\t\t\t<div class=\"elementor-element elementor-element-ff97f21 elementor-widget elementor-widget-heading\" data-id=\"ff97f21\" data-element_type=\"widget\" data-e-type=\"widget\" data-widget_type=\"heading.default\">\n\t\t\t\t<div class=\"elementor-widget-container\">\n\t\t\t\t\t<h2 class=\"elementor-heading-title elementor-size-default\">Access to offshore guidelines<\/h2>\t\t\t\t<\/div>\n\t\t\t\t<\/div>\n\t\t\t\t<div class=\"elementor-element elementor-element-9786edd elementor-widget elementor-widget-text-editor\" data-id=\"9786edd\" data-element_type=\"widget\" data-e-type=\"widget\" data-widget_type=\"text-editor.default\">\n\t\t\t\t<div class=\"elementor-widget-container\">\n\t\t\t\t\t\t\t\t\t<p>Comprehensive overview of AT guides and applicable offshore requirements, procedures and practices.<\/p>\t\t\t\t\t\t\t\t<\/div>\n\t\t\t\t<\/div>\n\t\t\t\t<\/div>\n\t\t\t\t<div class=\"elementor-element elementor-element-8579834 elementor-mobile-align-justify e-transform elementor-widget elementor-widget-button\" data-id=\"8579834\" data-element_type=\"widget\" data-e-type=\"widget\" data-settings=\"{&quot;_transform_scale_effect_hover&quot;:{&quot;unit&quot;:&quot;px&quot;,&quot;size&quot;:1.05,&quot;sizes&quot;:[]},&quot;_transform_scale_effect_hover_tablet&quot;:{&quot;unit&quot;:&quot;px&quot;,&quot;size&quot;:&quot;&quot;,&quot;sizes&quot;:[]},&quot;_transform_scale_effect_hover_mobile&quot;:{&quot;unit&quot;:&quot;px&quot;,&quot;size&quot;:&quot;&quot;,&quot;sizes&quot;:[]}}\" data-widget_type=\"button.default\">\n\t\t\t\t<div class=\"elementor-widget-container\">\n\t\t\t\t\t\t\t\t\t<div class=\"elementor-button-wrapper\">\n\t\t\t\t\t<a class=\"elementor-button elementor-button-link elementor-size-sm\" href=\"https:\/\/offshore.at.dk\/regler\/at-vejledninger\" target=\"_blank\">\n\t\t\t\t\t\t<span class=\"elementor-button-content-wrapper\">\n\t\t\t\t\t\t<span class=\"elementor-button-icon\">\n\t\t\t\t<i aria-hidden=\"true\" class=\"fas fa-chevron-right\"><\/i>\t\t\t<\/span>\n\t\t\t\t\t\t\t\t\t<span class=\"elementor-button-text\">Go to AT guides<\/span>\n\t\t\t\t\t<\/span>\n\t\t\t\t\t<\/a>\n\t\t\t\t<\/div>\n\t\t\t\t\t\t\t\t<\/div>\n\t\t\t\t<\/div>\n\t\t\t\t<\/div>\n\t\t\t\t<\/div>\n\t\t\t\t\t<\/div>\n\t\t\t\t<\/div>\n\t\t\t\t<\/div>","protected":false},"excerpt":{"rendered":"<p>Sherlock kvalitets-ledelsessystem Adgang til Sherlock &#8211; Cetec Energys kvalitetsledelsessystem med procedurer, dokumentation og retningslinjer. G\u00e5 til Sherlock HSE Introduction e-learning Grundl\u00e6ggende e-learning i sikkerhed og arbejdsmilj\u00f8, der sikrer f\u00e6lles forst\u00e5else for risici, adf\u00e6rd og krav i energisektorens arbejdsmilj\u00f8er. G\u00e5 til HSE Introduktion Offshore retningslinjer Samlet overblik over AT-vejledninger og g\u00e6ldende offshore krav, procedurer og praksis, [&hellip;]<\/p>\n","protected":false},"author":2,"featured_media":0,"parent":0,"menu_order":0,"comment_status":"closed","ping_status":"closed","template":"","meta":{"_acf_changed":false,"footnotes":""},"class_list":["post-6151","page","type-page","status-publish","hentry"],"acf":[],"yoast_head":"<!-- This site is optimized with the Yoast SEO plugin v27.5 - https:\/\/yoast.com\/product\/yoast-seo-wordpress\/ -->\n<title>Medarbejderportal - Ce-Tec A\/S<\/title>\n<meta name=\"robots\" content=\"index, follow, max-snippet:-1, max-image-preview:large, max-video-preview:-1\" \/>\n<link rel=\"canonical\" href=\"https:\/\/ce-tec.dk\/en\/employee-portal\/\" \/>\n<meta property=\"og:locale\" content=\"en_GB\" \/>\n<meta property=\"og:type\" content=\"article\" \/>\n<meta property=\"og:title\" content=\"Medarbejderportal - Ce-Tec A\/S\" \/>\n<meta property=\"og:description\" content=\"Sherlock kvalitets-ledelsessystem Adgang til Sherlock &#8211; Cetec Energys kvalitetsledelsessystem med procedurer, dokumentation og retningslinjer. G\u00e5 til Sherlock HSE Introduction e-learning Grundl\u00e6ggende e-learning i sikkerhed og arbejdsmilj\u00f8, der sikrer f\u00e6lles forst\u00e5else for risici, adf\u00e6rd og krav i energisektorens arbejdsmilj\u00f8er. G\u00e5 til HSE Introduktion Offshore retningslinjer Samlet overblik over AT-vejledninger og g\u00e6ldende offshore krav, procedurer og praksis, [&hellip;]\" \/>\n<meta property=\"og:url\" content=\"https:\/\/ce-tec.dk\/en\/employee-portal\/\" \/>\n<meta property=\"og:site_name\" content=\"Ce-Tec A\/S\" \/>\n<meta property=\"article:modified_time\" content=\"2026-03-19T12:30:33+00:00\" \/>\n<meta name=\"twitter:card\" content=\"summary_large_image\" \/>\n<meta name=\"twitter:label1\" content=\"Estimated reading time\" \/>\n\t<meta name=\"twitter:data1\" content=\"1 minute\" \/>\n<script type=\"application\/ld+json\" class=\"yoast-schema-graph\">{\"@context\":\"https:\\\/\\\/schema.org\",\"@graph\":[{\"@type\":\"WebPage\",\"@id\":\"https:\\\/\\\/ce-tec.dk\\\/medarbejderportal\\\/\",\"url\":\"https:\\\/\\\/ce-tec.dk\\\/medarbejderportal\\\/\",\"name\":\"Medarbejderportal - Ce-Tec A\\\/S\",\"isPartOf\":{\"@id\":\"https:\\\/\\\/ce-tec.dk\\\/#website\"},\"datePublished\":\"2026-03-18T12:25:03+00:00\",\"dateModified\":\"2026-03-19T12:30:33+00:00\",\"inLanguage\":\"en-GB\",\"potentialAction\":[{\"@type\":\"ReadAction\",\"target\":[\"https:\\\/\\\/ce-tec.dk\\\/medarbejderportal\\\/\"]}]},{\"@type\":\"WebSite\",\"@id\":\"https:\\\/\\\/ce-tec.dk\\\/#website\",\"url\":\"https:\\\/\\\/ce-tec.dk\\\/\",\"name\":\"Ce-Tec A\\\/S\",\"description\":\"\",\"publisher\":{\"@id\":\"https:\\\/\\\/ce-tec.dk\\\/#organization\"},\"potentialAction\":[{\"@type\":\"SearchAction\",\"target\":{\"@type\":\"EntryPoint\",\"urlTemplate\":\"https:\\\/\\\/ce-tec.dk\\\/?s={search_term_string}\"},\"query-input\":{\"@type\":\"PropertyValueSpecification\",\"valueRequired\":true,\"valueName\":\"search_term_string\"}}],\"inLanguage\":\"en-GB\"},{\"@type\":\"Organization\",\"@id\":\"https:\\\/\\\/ce-tec.dk\\\/#organization\",\"name\":\"Ce-Tec A\\\/S\",\"url\":\"https:\\\/\\\/ce-tec.dk\\\/\",\"logo\":{\"@type\":\"ImageObject\",\"inLanguage\":\"en-GB\",\"@id\":\"https:\\\/\\\/ce-tec.dk\\\/#\\\/schema\\\/logo\\\/image\\\/\",\"url\":\"https:\\\/\\\/ce-tec.dk\\\/wp-content\\\/uploads\\\/Logo.svg\",\"contentUrl\":\"https:\\\/\\\/ce-tec.dk\\\/wp-content\\\/uploads\\\/Logo.svg\",\"width\":1000,\"height\":365,\"caption\":\"Ce-Tec A\\\/S\"},\"image\":{\"@id\":\"https:\\\/\\\/ce-tec.dk\\\/#\\\/schema\\\/logo\\\/image\\\/\"}}]}<\/script>\n<!-- \/ Yoast SEO plugin. -->","yoast_head_json":{"title":"Employee portal - Ce-Tec A\/S","robots":{"index":"index","follow":"follow","max-snippet":"max-snippet:-1","max-image-preview":"max-image-preview:large","max-video-preview":"max-video-preview:-1"},"canonical":"https:\/\/ce-tec.dk\/en\/employee-portal\/","og_locale":"en_GB","og_type":"article","og_title":"Medarbejderportal - Ce-Tec A\/S","og_description":"Sherlock kvalitets-ledelsessystem Adgang til Sherlock &#8211; Cetec Energys kvalitetsledelsessystem med procedurer, dokumentation og retningslinjer. G\u00e5 til Sherlock HSE Introduction e-learning Grundl\u00e6ggende e-learning i sikkerhed og arbejdsmilj\u00f8, der sikrer f\u00e6lles forst\u00e5else for risici, adf\u00e6rd og krav i energisektorens arbejdsmilj\u00f8er. G\u00e5 til HSE Introduktion Offshore retningslinjer Samlet overblik over AT-vejledninger og g\u00e6ldende offshore krav, procedurer og praksis, [&hellip;]","og_url":"https:\/\/ce-tec.dk\/en\/employee-portal\/","og_site_name":"Ce-Tec A\/S","article_modified_time":"2026-03-19T12:30:33+00:00","twitter_card":"summary_large_image","twitter_misc":{"Estimated reading time":"1 minute"},"schema":{"@context":"https:\/\/schema.org","@graph":[{"@type":"WebPage","@id":"https:\/\/ce-tec.dk\/medarbejderportal\/","url":"https:\/\/ce-tec.dk\/medarbejderportal\/","name":"Employee portal - Ce-Tec A\/S","isPartOf":{"@id":"https:\/\/ce-tec.dk\/#website"},"datePublished":"2026-03-18T12:25:03+00:00","dateModified":"2026-03-19T12:30:33+00:00","inLanguage":"en-GB","potentialAction":[{"@type":"ReadAction","target":["https:\/\/ce-tec.dk\/medarbejderportal\/"]}]},{"@type":"WebSite","@id":"https:\/\/ce-tec.dk\/#website","url":"https:\/\/ce-tec.dk\/","name":"Ce-Tec A\/S","description":"","publisher":{"@id":"https:\/\/ce-tec.dk\/#organization"},"potentialAction":[{"@type":"SearchAction","target":{"@type":"EntryPoint","urlTemplate":"https:\/\/ce-tec.dk\/?s={search_term_string}"},"query-input":{"@type":"PropertyValueSpecification","valueRequired":true,"valueName":"search_term_string"}}],"inLanguage":"en-GB"},{"@type":"Organization","@id":"https:\/\/ce-tec.dk\/#organization","name":"Ce-Tec A\/S","url":"https:\/\/ce-tec.dk\/","logo":{"@type":"ImageObject","inLanguage":"en-GB","@id":"https:\/\/ce-tec.dk\/#\/schema\/logo\/image\/","url":"https:\/\/ce-tec.dk\/wp-content\/uploads\/Logo.svg","contentUrl":"https:\/\/ce-tec.dk\/wp-content\/uploads\/Logo.svg","width":1000,"height":365,"caption":"Ce-Tec A\/S"},"image":{"@id":"https:\/\/ce-tec.dk\/#\/schema\/logo\/image\/"}}]}},"_links":{"self":[{"href":"https:\/\/ce-tec.dk\/en\/wp-json\/wp\/v2\/pages\/6151","targetHints":{"allow":["GET"]}}],"collection":[{"href":"https:\/\/ce-tec.dk\/en\/wp-json\/wp\/v2\/pages"}],"about":[{"href":"https:\/\/ce-tec.dk\/en\/wp-json\/wp\/v2\/types\/page"}],"author":[{"embeddable":true,"href":"https:\/\/ce-tec.dk\/en\/wp-json\/wp\/v2\/users\/2"}],"replies":[{"embeddable":true,"href":"https:\/\/ce-tec.dk\/en\/wp-json\/wp\/v2\/comments?post=6151"}],"version-history":[{"count":7,"href":"https:\/\/ce-tec.dk\/en\/wp-json\/wp\/v2\/pages\/6151\/revisions"}],"predecessor-version":[{"id":6184,"href":"https:\/\/ce-tec.dk\/en\/wp-json\/wp\/v2\/pages\/6151\/revisions\/6184"}],"wp:attachment":[{"href":"https:\/\/ce-tec.dk\/en\/wp-json\/wp\/v2\/media?parent=6151"}],"curies":[{"name":"wp","href":"https:\/\/api.w.org\/{rel}","templated":true}]}}